	



	
{"id":20,"date":"2024-07-11T11:40:37","date_gmt":"2024-07-11T09:40:37","guid":{"rendered":"https:\/\/kitbase.webs.fococonsultores.es\/?page_id=20"},"modified":"2024-07-11T11:40:38","modified_gmt":"2024-07-11T09:40:38","slug":"servicios-transportes","status":"publish","type":"page","link":"https:\/\/transportesmarcosmc.es\/index.php\/servicios-transportes\/","title":{"rendered":"Servicios"},"content":{"rendered":"\n<div style=\"height:4vh\" aria-hidden=\"true\" class=\"wp-block-spacer\"><\/div>\n\n\n<div class=\"yoast-breadcrumbs\"><span><span><a href=\"https:\/\/transportesmarcosmc.es\/\">Portada<\/a> \u00bb <span class=\"breadcrumb_last\" aria-current=\"page\">Servicios<\/span><\/span><\/span><\/div>\n\n\n<h1 class=\"has-large-font-size\">Servicios<\/h1>\n\n\n\n<div class=\"wp-block-cover alignfull\"><span aria-hidden=\"true\" class=\"wp-block-cover__background has-background-dim-100 has-background-dim\" style=\"background-color:#1a1a1a\"><\/span><div class=\"wp-block-cover__inner-container\">\n<div class=\"wp-block-media-text alignwide is-stacked-on-mobile is-image-fill\" style=\"grid-template-columns:20% auto\"><figure class=\"wp-block-media-text__media\" style=\"background-image:url(https:\/\/transportesmarcosmc.es\/wp-content\/uploads\/sites\/52\/2024\/07\/servicio-transporte-nacional.jpg);background-position:50% 50%\"><img decoding=\"async\" loading=\"lazy\" width=\"675\" height=\"900\" src=\"https:\/\/transportesmarcosmc.es\/wp-content\/uploads\/sites\/52\/2024\/07\/servicio-transporte-nacional.jpg\" alt=\"\" class=\"wp-image-711 size-full\" srcset=\"https:\/\/transportesmarcosmc.es\/wp-content\/uploads\/sites\/52\/2024\/07\/servicio-transporte-nacional.jpg 675w, https:\/\/transportesmarcosmc.es\/wp-content\/uploads\/sites\/52\/2024\/07\/servicio-transporte-nacional-225x300.jpg 225w\" sizes=\"(max-width: 675px) 100vw, 675px\" \/><\/figure><div class=\"wp-block-media-text__content\">\n<h2 class=\"has-white-color has-text-color\"><strong>Transporte Nacional<\/strong><\/h2>\n\n\n\n<p class=\"has-white-color has-text-color\">Servicio de transporte nacional de alta calidad que garantiza eficiencia y satisfacci\u00f3n del cliente. Cumplimos con todos los protocolos de env\u00edo para garantizar que los productos lleguen en buenas condiciones, cumplimos con los tiempos de tr\u00e1nsito espec\u00edficos y brindamos servicio al cliente las 24 horas para manejar cualquier problema.<\/p>\n<\/div><\/div>\n<\/div><\/div>\n\n\n\n<div class=\"wp-block-cover alignfull is-light\"><span aria-hidden=\"true\" class=\"wp-block-cover__background has-white-background-color has-background-dim-100 has-background-dim\"><\/span><div class=\"wp-block-cover__inner-container\">\n<div class=\"wp-block-media-text alignwide has-media-on-the-right is-stacked-on-mobile is-image-fill\" style=\"grid-template-columns:auto 20%\"><div class=\"wp-block-media-text__content\">\n<h2 class=\"has-black-color has-text-color\"><strong>Transporte Internacional<\/strong><\/h2>\n\n\n\n<p>Realizo servicio de transporte internacional. Seleccionando las mejores rutas para garantizar que las transacciones comerciales internacionales se lleven a cabo de manera efectiva, segura y econ\u00f3mica.<\/p>\n<\/div><figure class=\"wp-block-media-text__media\" style=\"background-image:url(https:\/\/transportesmarcosmc.es\/wp-content\/uploads\/sites\/52\/2024\/07\/servicio-transporte-internacional.jpg);background-position:50% 50%\"><img decoding=\"async\" loading=\"lazy\" width=\"900\" height=\"675\" src=\"https:\/\/transportesmarcosmc.es\/wp-content\/uploads\/sites\/52\/2024\/07\/servicio-transporte-internacional.jpg\" alt=\"\" class=\"wp-image-710 size-full\" srcset=\"https:\/\/transportesmarcosmc.es\/wp-content\/uploads\/sites\/52\/2024\/07\/servicio-transporte-internacional.jpg 900w, https:\/\/transportesmarcosmc.es\/wp-content\/uploads\/sites\/52\/2024\/07\/servicio-transporte-internacional-300x225.jpg 300w, https:\/\/transportesmarcosmc.es\/wp-content\/uploads\/sites\/52\/2024\/07\/servicio-transporte-internacional-768x576.jpg 768w\" sizes=\"(max-width: 900px) 100vw, 900px\" \/><\/figure><\/div>\n<\/div><\/div>\n","protected":false},"excerpt":{"rendered":"<p>Servicios<\/p>\n","protected":false},"author":2,"featured_media":0,"parent":0,"menu_order":0,"comment_status":"closed","ping_status":"closed","template":"","meta":{"_mi_skip_tracking":false},"yoast_head":"<!-- This site is optimized with the Yoast SEO plugin v19.10 - https:\/\/yoast.com\/wordpress\/plugins\/seo\/ -->\n<title>Servicios - Transportes Marcos Mart\u00ednez Cruz<\/title>\n<meta name=\"description\" content=\"TRANSPORTES MARCOS MARTINEZ CRUZ ofrece servicios de transporte nacional e internacional, transporte de mercanc\u00edas por carretera\" \/>\n<meta name=\"robots\" content=\"index, follow, max-snippet:-1, max-image-preview:large, max-video-preview:-1\" \/>\n<link rel=\"canonical\" href=\"https:\/\/transportesmarcosmc.es\/index.php\/servicios-transportes\/\" \/>\n<meta property=\"og:locale\" content=\"es_ES\" \/>\n<meta property=\"og:type\" content=\"article\" \/>\n<meta property=\"og:title\" content=\"Servicios - Transportes Marcos Mart\u00ednez Cruz\" \/>\n<meta property=\"og:description\" content=\"TRANSPORTES MARCOS MARTINEZ CRUZ ofrece servicios de transporte nacional e internacional, transporte de mercanc\u00edas por carretera\" \/>\n<meta property=\"og:url\" content=\"https:\/\/transportesmarcosmc.es\/index.php\/servicios-transportes\/\" \/>\n<meta property=\"og:site_name\" content=\"Transportes Marcos Mart\u00ednez Cruz\" \/>\n<meta property=\"article:modified_time\" content=\"2024-07-11T09:40:38+00:00\" \/>\n<meta property=\"og:image\" content=\"https:\/\/transportesmarcosmc.es\/wp-content\/uploads\/sites\/52\/2024\/07\/servicio-transporte-nacional.jpg\" \/>\n<meta name=\"twitter:card\" content=\"summary_large_image\" \/>\n<meta name=\"twitter:label1\" content=\"Tiempo de lectura\" \/>\n\t<meta name=\"twitter:data1\" content=\"1 minuto\" \/>\n<script type=\"application\/ld+json\" class=\"yoast-schema-graph\">{\"@context\":\"https:\/\/schema.org\",\"@graph\":[{\"@type\":\"WebPage\",\"@id\":\"https:\/\/transportesmarcosmc.es\/index.php\/servicios-transportes\/\",\"url\":\"https:\/\/transportesmarcosmc.es\/index.php\/servicios-transportes\/\",\"name\":\"Servicios - Transportes Marcos Mart\u00ednez Cruz\",\"isPartOf\":{\"@id\":\"https:\/\/transportesmarcosmc.es\/#website\"},\"datePublished\":\"2024-07-11T09:40:37+00:00\",\"dateModified\":\"2024-07-11T09:40:38+00:00\",\"description\":\"TRANSPORTES MARCOS MARTINEZ CRUZ ofrece servicios de transporte nacional e internacional, transporte de mercanc\u00edas por carretera\",\"breadcrumb\":{\"@id\":\"https:\/\/transportesmarcosmc.es\/index.php\/servicios-transportes\/#breadcrumb\"},\"inLanguage\":\"es\",\"potentialAction\":[{\"@type\":\"ReadAction\",\"target\":[\"https:\/\/transportesmarcosmc.es\/index.php\/servicios-transportes\/\"]}]},{\"@type\":\"BreadcrumbList\",\"@id\":\"https:\/\/transportesmarcosmc.es\/index.php\/servicios-transportes\/#breadcrumb\",\"itemListElement\":[{\"@type\":\"ListItem\",\"position\":1,\"name\":\"Portada\",\"item\":\"https:\/\/transportesmarcosmc.es\/\"},{\"@type\":\"ListItem\",\"position\":2,\"name\":\"Servicios\"}]},{\"@type\":\"WebSite\",\"@id\":\"https:\/\/transportesmarcosmc.es\/#website\",\"url\":\"https:\/\/transportesmarcosmc.es\/\",\"name\":\"Transportes Marcos Mart\u00ednez Cruz\",\"description\":\"Transportes Marcos Mart\u00ednez Cruz es una empresa de transportes nacional e internacional con sede en en \u00dabeda\",\"publisher\":{\"@id\":\"https:\/\/transportesmarcosmc.es\/#organization\"},\"potentialAction\":[{\"@type\":\"SearchAction\",\"target\":{\"@type\":\"EntryPoint\",\"urlTemplate\":\"https:\/\/transportesmarcosmc.es\/?s={search_term_string}\"},\"query-input\":\"required name=search_term_string\"}],\"inLanguage\":\"es\"},{\"@type\":\"Organization\",\"@id\":\"https:\/\/transportesmarcosmc.es\/#organization\",\"name\":\"Transportes Marcos Mart\u00ednez Cruz\",\"url\":\"https:\/\/transportesmarcosmc.es\/\",\"logo\":{\"@type\":\"ImageObject\",\"inLanguage\":\"es\",\"@id\":\"https:\/\/transportesmarcosmc.es\/#\/schema\/logo\/image\/\",\"url\":\"https:\/\/transportesmarcosmc.es\/wp-content\/uploads\/sites\/52\/2024\/07\/logo-camion-esquinas.png\",\"contentUrl\":\"https:\/\/transportesmarcosmc.es\/wp-content\/uploads\/sites\/52\/2024\/07\/logo-camion-esquinas.png\",\"width\":400,\"height\":400,\"caption\":\"Transportes Marcos Mart\u00ednez Cruz\"},\"image\":{\"@id\":\"https:\/\/transportesmarcosmc.es\/#\/schema\/logo\/image\/\"}}]}<\/script>\n<!-- \/ Yoast SEO plugin. -->","yoast_head_json":{"title":"Servicios - Transportes Marcos Mart\u00ednez Cruz","description":"TRANSPORTES MARCOS MARTINEZ CRUZ ofrece servicios de transporte nacional e internacional, transporte de mercanc\u00edas por carretera","robots":{"index":"index","follow":"follow","max-snippet":"max-snippet:-1","max-image-preview":"max-image-preview:large","max-video-preview":"max-video-preview:-1"},"canonical":"https:\/\/transportesmarcosmc.es\/index.php\/servicios-transportes\/","og_locale":"es_ES","og_type":"article","og_title":"Servicios - Transportes Marcos Mart\u00ednez Cruz","og_description":"TRANSPORTES MARCOS MARTINEZ CRUZ ofrece servicios de transporte nacional e internacional, transporte de mercanc\u00edas por carretera","og_url":"https:\/\/transportesmarcosmc.es\/index.php\/servicios-transportes\/","og_site_name":"Transportes Marcos Mart\u00ednez Cruz","article_modified_time":"2024-07-11T09:40:38+00:00","og_image":[{"url":"https:\/\/transportesmarcosmc.es\/wp-content\/uploads\/sites\/52\/2024\/07\/servicio-transporte-nacional.jpg"}],"twitter_card":"summary_large_image","twitter_misc":{"Tiempo de lectura":"1 minuto"},"schema":{"@context":"https:\/\/schema.org","@graph":[{"@type":"WebPage","@id":"https:\/\/transportesmarcosmc.es\/index.php\/servicios-transportes\/","url":"https:\/\/transportesmarcosmc.es\/index.php\/servicios-transportes\/","name":"Servicios - Transportes Marcos Mart\u00ednez Cruz","isPartOf":{"@id":"https:\/\/transportesmarcosmc.es\/#website"},"datePublished":"2024-07-11T09:40:37+00:00","dateModified":"2024-07-11T09:40:38+00:00","description":"TRANSPORTES MARCOS MARTINEZ CRUZ ofrece servicios de transporte nacional e internacional, transporte de mercanc\u00edas por carretera","breadcrumb":{"@id":"https:\/\/transportesmarcosmc.es\/index.php\/servicios-transportes\/#breadcrumb"},"inLanguage":"es","potentialAction":[{"@type":"ReadAction","target":["https:\/\/transportesmarcosmc.es\/index.php\/servicios-transportes\/"]}]},{"@type":"BreadcrumbList","@id":"https:\/\/transportesmarcosmc.es\/index.php\/servicios-transportes\/#breadcrumb","itemListElement":[{"@type":"ListItem","position":1,"name":"Portada","item":"https:\/\/transportesmarcosmc.es\/"},{"@type":"ListItem","position":2,"name":"Servicios"}]},{"@type":"WebSite","@id":"https:\/\/transportesmarcosmc.es\/#website","url":"https:\/\/transportesmarcosmc.es\/","name":"Transportes Marcos Mart\u00ednez Cruz","description":"Transportes Marcos Mart\u00ednez Cruz es una empresa de transportes nacional e internacional con sede en en \u00dabeda","publisher":{"@id":"https:\/\/transportesmarcosmc.es\/#organization"},"potentialAction":[{"@type":"SearchAction","target":{"@type":"EntryPoint","urlTemplate":"https:\/\/transportesmarcosmc.es\/?s={search_term_string}"},"query-input":"required name=search_term_string"}],"inLanguage":"es"},{"@type":"Organization","@id":"https:\/\/transportesmarcosmc.es\/#organization","name":"Transportes Marcos Mart\u00ednez Cruz","url":"https:\/\/transportesmarcosmc.es\/","logo":{"@type":"ImageObject","inLanguage":"es","@id":"https:\/\/transportesmarcosmc.es\/#\/schema\/logo\/image\/","url":"https:\/\/transportesmarcosmc.es\/wp-content\/uploads\/sites\/52\/2024\/07\/logo-camion-esquinas.png","contentUrl":"https:\/\/transportesmarcosmc.es\/wp-content\/uploads\/sites\/52\/2024\/07\/logo-camion-esquinas.png","width":400,"height":400,"caption":"Transportes Marcos Mart\u00ednez Cruz"},"image":{"@id":"https:\/\/transportesmarcosmc.es\/#\/schema\/logo\/image\/"}}]}},"_links":{"self":[{"href":"https:\/\/transportesmarcosmc.es\/index.php\/wp-json\/wp\/v2\/pages\/20"}],"collection":[{"href":"https:\/\/transportesmarcosmc.es\/index.php\/wp-json\/wp\/v2\/pages"}],"about":[{"href":"https:\/\/transportesmarcosmc.es\/index.php\/wp-json\/wp\/v2\/types\/page"}],"author":[{"embeddable":true,"href":"https:\/\/transportesmarcosmc.es\/index.php\/wp-json\/wp\/v2\/users\/2"}],"replies":[{"embeddable":true,"href":"https:\/\/transportesmarcosmc.es\/index.php\/wp-json\/wp\/v2\/comments?post=20"}],"version-history":[{"count":14,"href":"https:\/\/transportesmarcosmc.es\/index.php\/wp-json\/wp\/v2\/pages\/20\/revisions"}],"predecessor-version":[{"id":732,"href":"https:\/\/transportesmarcosmc.es\/index.php\/wp-json\/wp\/v2\/pages\/20\/revisions\/732"}],"wp:attachment":[{"href":"https:\/\/transportesmarcosmc.es\/index.php\/wp-json\/wp\/v2\/media?parent=20"}],"curies":[{"name":"wp","href":"https:\/\/api.w.org\/{rel}","templated":true}]}}